{"id":401,"date":"2025-09-29T17:59:06","date_gmt":"2025-09-29T17:59:06","guid":{"rendered":"https:\/\/water.icomos.org\/?page_id=401"},"modified":"2025-09-29T17:59:06","modified_gmt":"2025-09-29T17:59:06","slug":"world-members-list","status":"publish","type":"page","link":"https:\/\/water.icomos.org\/index.php\/world-members-list\/","title":{"rendered":"World Members List"},"content":{"rendered":"\n<figure class=\"wp-block-image size-full\"><img loading=\"lazy\" decoding=\"async\" width=\"1000\" height=\"509\" src=\"https:\/\/water.icomos.org\/wp-content\/uploads\/2025\/05\/21211635.jpg\" alt=\"\" class=\"wp-image-350\" srcset=\"https:\/\/water.icomos.org\/wp-content\/uploads\/2025\/05\/21211635.jpg 1000w, https:\/\/water.icomos.org\/wp-content\/uploads\/2025\/05\/21211635-300x153.jpg 300w, https:\/\/water.icomos.org\/wp-content\/uploads\/2025\/05\/21211635-768x391.jpg 768w\" sizes=\"auto, (max-width: 1000px) 100vw, 1000px\" \/><\/figure>\n\n\n\n<p><\/p>\n\n\n\n<figure class=\"wp-block-table\"><table class=\"has-fixed-layout\"><tbody><tr><td><strong>AFRICA<\/strong><\/td><td><\/td><td><strong>Member Type<\/strong><\/td><\/tr><tr><td>ADETUNJI, Olufemi<\/td><td>Nigeria (UK)<\/td><td>Expert<\/td><\/tr><tr><td>SOGBESAN, Oluwatoyin Zainab<\/td><td>Nigeria<\/td><td>Expert<\/td><\/tr><tr><td>BAILEY, Emmylou<\/td><td>South Africa<\/td><td>Expert<\/td><\/tr><tr><td>FANTAYE, Matiyas Bekele<\/td><td>Ethiopia<\/td><td>Expert<\/td><\/tr><tr><td>KAMBOU, Claude&nbsp;<\/td><td>Burkina Faso<\/td><td>Associate<\/td><\/tr><\/tbody><\/table><\/figure>\n\n\n\n<figure class=\"wp-block-table\"><table class=\"has-fixed-layout\"><tbody><tr><td><strong>ARAB STATES<\/strong><\/td><td><\/td><td><strong>Member Type<\/strong><\/td><\/tr><tr><td>FAREED, Mohamed W<\/td><td>Egypt<\/td><td>Associate<\/td><\/tr><tr><td>ANSARI, Taha<\/td><td>Algeria<\/td><td>Expert<\/td><\/tr><tr><td>AROUA, Najet<\/td><td>Algeria<\/td><td>Expert<\/td><\/tr><tr><td>BATHAOUI, Sa\u00efda<\/td><td>Morocco<\/td><td>Associate<\/td><\/tr><\/tbody><\/table><\/figure>\n\n\n\n<figure class=\"wp-block-table\"><table class=\"has-fixed-layout\"><tbody><tr><td><strong>ASIA &amp; THE PACIFIC<\/strong><\/td><td><\/td><td><strong>Member Type<\/strong><\/td><\/tr><tr><td>YU, Sinite<\/td><td>Taiwan&nbsp;<\/td><td>Expert<\/td><\/tr><tr><td>YAN, Haiming<\/td><td>China<\/td><td>Expert<\/td><\/tr><tr><td>AZHARI, Afzal<\/td><td>Malaysia<\/td><td><span style=\"font-family: -webkit-standard; font-size: medium; white-space: normal;\">Expert<\/span><\/td><\/tr><tr><td>TRAVERS, Ian<\/td><td>Australia<\/td><td><span style=\"font-family: -webkit-standard; font-size: medium; white-space: normal;\">Expert<\/span><\/td><\/tr><tr><td>ANTIQUEIRA, Natalia<\/td><td>Australia<\/td><td>Expert<\/td><\/tr><tr><td>PALAZZO, Elisa<\/td><td>Australia<\/td><td>Expert<\/td><\/tr><tr><td>ATREY, Mrinalini<\/td><td>India<\/td><td>Expert<\/td><\/tr><tr><td>NUPUR, Prothi&nbsp;&nbsp;Khanna<\/td><td>India (Sweden)<\/td><td>Expert<\/td><\/tr><tr><td>SINGH, Priyanka<\/td><td>India<\/td><td>Expert<\/td><\/tr><tr><td>SEN, Sukrit<\/td><td>India<\/td><td>Expert<\/td><\/tr><tr><td>CHAUDHURI, Jana Das&nbsp;<\/td><td>India<\/td><td>Associate<\/td><\/tr><tr><td>DHARSHINI, Saranya<\/td><td>India (UK)<\/td><td>Expert<\/td><\/tr><tr><td>GHOSH SAXENA, Deepika<\/td><td>India<\/td><td>Expert<\/td><\/tr><tr><td>REZA, Mohammad Habib&nbsp;<\/td><td>Bangladesh<\/td><td>Expert<\/td><\/tr><tr><td>JAMALI, Farimah Sadat<\/td><td>Iran (Netherlands)<\/td><td>Associate<\/td><\/tr><tr><td>HAJIZADEH, Masoumeh&nbsp;<\/td><td>Iran<\/td><td>Associate<\/td><\/tr><tr><td>IWABUCHI, Akifumi&nbsp;<\/td><td>Japan<\/td><td>Expert<\/td><\/tr><tr><td>OYAMA, Kae&nbsp;<\/td><td>Japan<\/td><td>Expert<\/td><\/tr><tr><td>NAKANISHI, Yumiko<\/td><td>Japan<\/td><td>Associate<\/td><\/tr><tr><td>RYU, Je-Hun<\/td><td>South Korea<\/td><td>Expert<\/td><\/tr><tr><td>HAN, Mooyoung<\/td><td>South Korea<\/td><td>Expert<\/td><\/tr><tr><td>U\u00c7AR, Meltem<\/td><td>Turkey<\/td><td>Expert<\/td><\/tr><tr><td>YODSURANG, Patiphol<\/td><td>Thailand<\/td><td>Expert<\/td><\/tr><\/tbody><\/table><\/figure>\n\n\n\n<figure class=\"wp-block-table\"><table class=\"has-fixed-layout\"><tbody><tr><td><strong>EUROPE &amp; NORTH AMERICA<\/strong><\/td><td><\/td><td><strong>Member Type<\/strong><\/td><\/tr><tr><td>AYMERICH, Mario&nbsp;<\/td><td>Spain<\/td><td>Expert<\/td><\/tr><tr><td>ARANGUREN, Gaizka<\/td><td>Spain<\/td><td>Expert<\/td><\/tr><tr><td>LUENGO, Monica<\/td><td>Spain<\/td><td>Expert<\/td><\/tr><tr><td>DEYA, Bartomeu&nbsp;<\/td><td>Spain<\/td><td>Associate<\/td><\/tr><tr><td>PEREIRA, Mariana<\/td><td>Portugal<\/td><td>Associate<\/td><\/tr><tr><td>BOSTENARU, Maria<\/td><td>Romania<\/td><td>Associate<\/td><\/tr><tr><td>SUKROW, Oliver<\/td><td>Austria<\/td><td>Expert<\/td><\/tr><tr><td>BORNBERG, Renate<\/td><td>Austria<\/td><td>Expert<\/td><\/tr><tr><td>JUVANEC, Borut<\/td><td>Slovenia<\/td><td>Expert<\/td><\/tr><tr><td>JIROUS\u0160KOV\u00c1, \u0160\u00e1rka<\/td><td>Czech<\/td><td>Expert<\/td><\/tr><tr><td>AHLBERG, Nils<\/td><td>Sweden<\/td><td>Expert<\/td><\/tr><tr><td>NIGLIO, Olimpia<\/td><td>Italy<\/td><td>Expert<\/td><\/tr><tr><td>STANGANELLI, Marialuce&nbsp;<\/td><td>Italy<\/td><td>Expert<\/td><\/tr><tr><td>ALLEGRETTI, Franco Gm<\/td><td>Italy<\/td><td>Associate<\/td><\/tr><tr><td>TIKKANEN, Sallamaria&nbsp;<\/td><td>Finland<\/td><td>Expert<\/td><\/tr><tr><td>ABBASOV, Rovshan&nbsp;<\/td><td>Azerbaijan<\/td><td>Expert<\/td><\/tr><tr><td>BUISMAN, Jurn&nbsp;<\/td><td>Netherlands<\/td><td>Expert<\/td><\/tr><tr><td>SIX, Diederik<\/td><td>Netherlands<\/td><td>Expert<\/td><\/tr><tr><td>SCHAIK, Henk Van<\/td><td>Netherlands<\/td><td>Expert<\/td><\/tr><tr><td>NIJHUIS, Steffen<\/td><td>Netherlands<\/td><td>Expert<\/td><\/tr><tr><td>CURULLI, Irene<\/td><td>Netherlands<\/td><td>Expert<\/td><\/tr><tr><td>AKT\u00dcRK, G\u00fcl&nbsp;<\/td><td>Netherlands<\/td><td>Associate<\/td><\/tr><tr><td>VANHAMME, Vincent<\/td><td>Belgium<\/td><td>Associate<\/td><\/tr><tr><td>BEKAERT, Emma<\/td><td>Belgium<\/td><td><span style=\"font-family: -webkit-standard; font-size: medium; white-space: normal;\">Associate<\/span><\/td><\/tr><tr><td>KONG, Ping<\/td><td>Germany<\/td><td><span style=\"font-family: -webkit-standard; font-size: medium; white-space: normal;\">Expert<\/span><\/td><\/tr><tr><td>HEIN, Carola<\/td><td>Germany (Netherlands)<\/td><td><span style=\"font-family: -webkit-standard; font-size: medium; white-space: normal;\">Expert<\/span><\/td><\/tr><tr><td>SONNEMANN, Till<\/td><td>Germany<\/td><td>Expert<\/td><\/tr><tr><td>MAGER, Tino<\/td><td>Germany (Netherlands)<\/td><td>Expert<\/td><\/tr><tr><td>PAULUS, Ave<\/td><td>Estonia<\/td><td>Expert<\/td><\/tr><tr><td>LIU, Ning<\/td><td>France<\/td><td><span style=\"font-family: -webkit-standard; font-size: medium; white-space: normal;\">Expert<\/span><\/td><\/tr><tr><td>METALLAOUI, Mohamed Abdelaziz<\/td><td>France (Saudi Arabia)<\/td><td><span style=\"font-family: -webkit-standard; font-size: medium; white-space: normal;\">Expert<\/span><\/td><\/tr><tr><td>MOLLS, Kaspers Markus<\/td><td>Latvia<\/td><td><span style=\"font-family: -webkit-standard; font-size: medium; white-space: normal;\">Associate<\/span><\/td><\/tr><tr><td>PEREZ-ALVARO, Elena<\/td><td>UK (USA)<\/td><td>Expert<\/td><\/tr><tr><td>HUGHES, Richard<\/td><td>UK<\/td><td>Expert<\/td><\/tr><tr><td>HUNTER, Meisha<\/td><td>USA<\/td><td>Expert<\/td><\/tr><\/tbody><\/table><\/figure>\n\n\n\n<figure class=\"wp-block-table\"><table class=\"has-fixed-layout\"><tbody><tr><td><strong>LATIN AMERICA &amp; THE CARIBBEAN<\/strong><\/td><td><\/td><td><strong>Member Type<\/strong><\/td><\/tr><tr><td>HERRERA, Alexander<\/td><td>Colombia<\/td><td><span style=\"font-family: -webkit-standard; font-size: medium; white-space: normal;\">Expert<\/span><\/td><\/tr><tr><td>RIBEiRO, Sergio<\/td><td>Brazil<\/td><td><span style=\"font-family: -webkit-standard; font-size: medium; white-space: normal;\">Expert<\/span><\/td><\/tr><tr><td>BORMIDA, Eliana<\/td><td>Argentina<\/td><td>Expert<\/td><\/tr><tr><td>LEVRAND, Norma<\/td><td>Argentina<\/td><td>Expert<\/td><\/tr><tr><td>LANE, Kevin<\/td><td>Argentina<\/td><td>Expert<\/td><\/tr><\/tbody><\/table><\/figure>\n\n\n\n<p><\/p>\n","protected":false},"excerpt":{"rendered":"<p>AFRICAMember TypeADETUNJI, OlufemiNigeria (UK)ExpertSOGBESAN, Oluwatoyin ZainabNigeriaExpertBAILEY, EmmylouSouth AfricaExpertFANTAYE, Matiyas BekeleEthiopiaExpertKAMBOU, Claude&nbsp;Burkina FasoAssociate ARAB STATESMember TypeFAREED, Mohamed WEgyptAssociateANSARI, TahaAlgeriaExpertAROUA, NajetAlgeriaExpertBATHAOUI, Sa\u00efdaMoroccoAssociate ASIA &amp; THE PACIFICMember TypeYU, SiniteTaiwan&nbsp;ExpertYAN, HaimingChinaExpertAZHARI, AfzalMalaysiaExpertTRAVERS, IanAustraliaExpertANTIQUEIRA, NataliaAustraliaExpertPALAZZO, ElisaAustraliaExpertATREY, MrinaliniIndiaExpertNUPUR, Prothi&nbsp;&nbsp;KhannaIndia (Sweden)ExpertSINGH, PriyankaIndiaExpertSEN, SukritIndiaExpertCHAUDHURI, Jana Das&nbsp;IndiaAssociateDHARSHINI, SaranyaIndia (UK)ExpertGHOSH SAXENA, DeepikaIndiaExpertREZA, Mohammad Habib&nbsp;BangladeshExpertJAMALI, Farimah SadatIran (Netherlands)AssociateHAJIZADEH, Masoumeh&nbsp;IranAssociateIWABUCHI, Akifumi&nbsp;JapanExpertOYAMA, Kae&nbsp;JapanExpertNAKANISHI, YumikoJapanAssociateRYU, Je-HunSouth KoreaExpertHAN, MooyoungSouth KoreaExpertU\u00c7AR, [&hellip;]<\/p>\n","protected":false},"author":4,"featured_media":0,"parent":0,"menu_order":0,"comment_status":"closed","ping_status":"closed","template":"","meta":{"footnotes":""},"class_list":["post-401","page","type-page","status-publish","hentry"],"_links":{"self":[{"href":"https:\/\/water.icomos.org\/index.php\/wp-json\/wp\/v2\/pages\/401","targetHints":{"allow":["GET"]}}],"collection":[{"href":"https:\/\/water.icomos.org\/index.php\/wp-json\/wp\/v2\/pages"}],"about":[{"href":"https:\/\/water.icomos.org\/index.php\/wp-json\/wp\/v2\/types\/page"}],"author":[{"embeddable":true,"href":"https:\/\/water.icomos.org\/index.php\/wp-json\/wp\/v2\/users\/4"}],"replies":[{"embeddable":true,"href":"https:\/\/water.icomos.org\/index.php\/wp-json\/wp\/v2\/comments?post=401"}],"version-history":[{"count":1,"href":"https:\/\/water.icomos.org\/index.php\/wp-json\/wp\/v2\/pages\/401\/revisions"}],"predecessor-version":[{"id":402,"href":"https:\/\/water.icomos.org\/index.php\/wp-json\/wp\/v2\/pages\/401\/revisions\/402"}],"wp:attachment":[{"href":"https:\/\/water.icomos.org\/index.php\/wp-json\/wp\/v2\/media?parent=401"}],"curies":[{"name":"wp","href":"https:\/\/api.w.org\/{rel}","templated":true}]}}